{"id":86736,"date":"2019-08-21T15:49:04","date_gmt":"2019-08-21T07:49:04","guid":{"rendered":"http:\/\/tweb2.maximusholding.com:33443\/ve-chung-toi\/"},"modified":"2022-04-20T16:27:41","modified_gmt":"2022-04-20T08:27:41","slug":"chung-toi","status":"publish","type":"page","link":"https:\/\/maximusholding.com\/vi\/chung-toi\/","title":{"rendered":"Ch\u00fang t\u00f4i"},"content":{"rendered":"<p>[vc_row unlock_row_content=&#8221;yes&#8221; row_height_percent=&#8221;0&#8243; override_padding=&#8221;yes&#8221; h_padding=&#8221;2&#8243; top_padding=&#8221;0&#8243; bottom_padding=&#8221;4&#8243; back_color=&#8221;color-gyho&#8221; overlay_alpha=&#8221;50&#8243; gutter_size=&#8221;3&#8243; column_width_percent=&#8221;100&#8243; shift_y=&#8221;0&#8243; z_index=&#8221;1&#8243; top_divider=&#8221;triangle&#8221; row_name=&#8221;Informations&#8221;][vc_column column_width_use_pixel=&#8221;yes&#8221; position_vertical=&#8221;middle&#8221; align_horizontal=&#8221;align_center&#8221; override_padding=&#8221;yes&#8221; column_padding=&#8221;2&#8243; back_color=&#8221;color-xsdn&#8221; overlay_alpha=&#8221;50&#8243; gutter_size=&#8221;0&#8243; medium_width=&#8221;0&#8243; mobile_width=&#8221;0&#8243; shift_x=&#8221;0&#8243; shift_y=&#8221;-3&#8243; shift_y_fixed=&#8221;yes&#8221; shift_y_down=&#8221;0&#8243; z_index=&#8221;0&#8243; shadow=&#8221;lg&#8221; radius=&#8221;sm&#8221; width=&#8221;1\/1&#8243; column_width_pixel=&#8221;1600&#8243;][vc_empty_space empty_h=&#8221;2&#8243;][vc_custom_heading text_size=&#8221;fontsize-160000&#8243; text_space=&#8221;fontspace-135905&#8243; text_font=&#8221;font-762333&#8243; text_transform=&#8221;uppercase&#8221;]D\u1ecbch v\u1ee5 c\u1ee7a ch\u00fang t\u00f4i[\/vc_custom_heading][vc_empty_space empty_h=&#8221;3&#8243;][vc_row_inner row_inner_height_percent=&#8221;0&#8243; overlay_alpha=&#8221;50&#8243; equal_height=&#8221;yes&#8221; gutter_size=&#8221;0&#8243; shift_y=&#8221;0&#8243; z_index=&#8221;0&#8243; el_class=&#8221;icon-group&#8221;][vc_column_inner column_width_percent=&#8221;100&#8243; align_horizontal=&#8221;align_center&#8221; override_padding=&#8221;yes&#8221; column_padding=&#8221;3&#8243; gutter_size=&#8221;3&#8243; overlay_alpha=&#8221;50&#8243; border_color=&#8221;color-gyho&#8221; border_style=&#8221;solid&#8221; medium_width=&#8221;0&#8243; mobile_width=&#8221;0&#8243; shift_x=&#8221;0&#8243; shift_y=&#8221;0&#8243; shift_y_down=&#8221;0&#8243; z_index=&#8221;0&#8243; width=&#8221;1\/3&#8243; css=&#8221;.vc_custom_1567157892052{border-right-width: 1px !important;}&#8221; el_class=&#8221;uncode-open-gdrp-preference&#8221; link_to=&#8221;url:https%3A%2F%2Fmaximusholding.com%2Fsecurity-assessment%2F|title:Security%20Assessment||&#8221;][vc_icon icon=&#8221;fa fa-adjustments&#8221; icon_color=&#8221;color-210407&#8243; size=&#8221;fa-5x&#8221; text_font=&#8221;font-762333&#8243; text_weight=&#8221;800&#8243; text_space=&#8221;fontspace-111509&#8243; text_lead=&#8221;yes&#8221; text_reduced=&#8221;yes&#8221; css_animation=&#8221;zoom-in&#8221; animation_delay=&#8221;200&#8243; title=&#8221;\u0110\u00e1nh gi\u00e1 b\u1ea3o m\u1eadt&#8221;][\/vc_icon][\/vc_column_inner][vc_column_inner column_width_percent=&#8221;100&#8243; align_horizontal=&#8221;align_center&#8221; override_padding=&#8221;yes&#8221; column_padding=&#8221;3&#8243; gutter_size=&#8221;3&#8243; overlay_alpha=&#8221;50&#8243; border_color=&#8221;color-gyho&#8221; border_style=&#8221;solid&#8221; medium_width=&#8221;0&#8243; mobile_width=&#8221;0&#8243; shift_x=&#8221;0&#8243; shift_y=&#8221;0&#8243; shift_y_down=&#8221;0&#8243; z_index=&#8221;0&#8243; width=&#8221;1\/3&#8243; css=&#8221;.vc_custom_1567158623437{border-right-width: 1px !important;}&#8221; link_to=&#8221;url:https%3A%2F%2Fmaximusholding.com%2Fcompliance-and-training%2F|title:Compliance%20and%20Training||&#8221;][vc_icon icon=&#8221;fa fa-layers2&#8243; icon_color=&#8221;color-210407&#8243; size=&#8221;fa-5x&#8221; text_font=&#8221;font-762333&#8243; text_weight=&#8221;800&#8243; text_space=&#8221;fontspace-111509&#8243; text_lead=&#8221;yes&#8221; text_reduced=&#8221;yes&#8221; css_animation=&#8221;zoom-in&#8221; animation_delay=&#8221;400&#8243; title=&#8221;Tu\u00e2n th\u1ee7 v\u00e0 \u0111\u00e0o t\u1ea1o&#8221;][\/vc_icon][\/vc_column_inner][vc_column_inner column_width_percent=&#8221;100&#8243; align_horizontal=&#8221;align_center&#8221; override_padding=&#8221;yes&#8221; column_padding=&#8221;3&#8243; gutter_size=&#8221;3&#8243; overlay_alpha=&#8221;50&#8243; border_color=&#8221;color-gyho&#8221; border_style=&#8221;solid&#8221; medium_width=&#8221;0&#8243; mobile_width=&#8221;0&#8243; shift_x=&#8221;0&#8243; shift_y=&#8221;0&#8243; shift_y_down=&#8221;0&#8243; z_index=&#8221;0&#8243; width=&#8221;1\/3&#8243; css=&#8221;.vc_custom_1567158638277{border-right-width: 1px !important;}&#8221; link_to=&#8221;url:https%3A%2F%2Fmaximusholding.com%2Fmanaged-security-services%2F|title:Managed%20Security%20Services||&#8221;][vc_icon icon=&#8221;fa fa-lock2&#8243; icon_color=&#8221;color-210407&#8243; size=&#8221;fa-5x&#8221; text_font=&#8221;font-762333&#8243; text_weight=&#8221;800&#8243; text_space=&#8221;fontspace-111509&#8243; text_lead=&#8221;yes&#8221; text_reduced=&#8221;yes&#8221; css_animation=&#8221;zoom-in&#8221; animation_delay=&#8221;600&#8243; title=&#8221;D\u1ecbch v\u1ee5 qu\u1ea3n l\u00fd b\u1ea3o m\u1eadt&#8221; el_class=&#8221;hot&#8221;][\/vc_icon][\/vc_column_inner][\/vc_row_inner][vc_empty_space empty_h=&#8221;2&#8243;][\/vc_column][\/vc_row][vc_row row_height_percent=&#8221;0&#8243; override_padding=&#8221;yes&#8221; h_padding=&#8221;2&#8243; top_padding=&#8221;2&#8243; bottom_padding=&#8221;4&#8243; back_color=&#8221;color-gyho&#8221; overlay_alpha=&#8221;50&#8243; gutter_size=&#8221;3&#8243; column_width_percent=&#8221;100&#8243; shift_y=&#8221;0&#8243; z_index=&#8221;0&#8243; row_name=&#8221;Informations&#8221; el_class=&#8221;hack&#8221;][vc_column column_width_percent=&#8221;100&#8243; position_vertical=&#8221;middle&#8221; align_horizontal=&#8221;align_center&#8221; overlay_alpha=&#8221;50&#8243; gutter_size=&#8221;4&#8243; medium_width=&#8221;0&#8243; mobile_width=&#8221;0&#8243; shift_x=&#8221;0&#8243; shift_y=&#8221;0&#8243; shift_y_down=&#8221;0&#8243; z_index=&#8221;0&#8243; width=&#8221;1\/1&#8243;][vc_row_inner][vc_column_inner column_width_use_pixel=&#8221;yes&#8221; style=&#8221;light&#8221; gutter_size=&#8221;3&#8243; overlay_alpha=&#8221;50&#8243; medium_width=&#8221;0&#8243; mobile_width=&#8221;0&#8243; shift_x=&#8221;0&#8243; shift_y=&#8221;0&#8243; shift_y_down=&#8221;0&#8243; z_index=&#8221;0&#8243; css_animation=&#8221;bottom-t-top&#8221; animation_delay=&#8221;200&#8243; width=&#8221;1\/1&#8243; column_width_pixel=&#8221;900&#8243;][vc_custom_heading heading_semantic=&#8221;h3&#8243; text_size=&#8221;h4&#8243; text_height=&#8221;fontheight-524109&#8243; text_font=&#8221;font-134980&#8243; text_weight=&#8221;300&#8243; text_color=&#8221;color-wvjs&#8221;]<\/p>\n<blockquote>\n<h1>Ch\u00fang t\u00f4i l\u00e0 nh\u1eefng ng\u01b0\u1eddi b\u1ea3o v\u1ec7 n\u1ec1n kinh t\u1ebf k\u1ef9 thu\u1eadt s\u1ed1 c\u1ee7a Ch\u00e2u \u00c1<\/h1>\n<p><small>Roger Chung &#8211; CEO MXC<\/small><\/p><\/blockquote>\n<p>[\/vc_custom_heading][vc_custom_heading heading_semantic=&#8221;h3&#8243; text_size=&#8221;h4&#8243; text_height=&#8221;fontheight-524109&#8243; text_font=&#8221;font-134980&#8243; text_weight=&#8221;300&#8243; text_color=&#8221;color-rgdb&#8221;]<span data-preserver-spaces=\"true\">Trong nh\u1eefng n\u0103m qua, MXC \u0111\u00e3 nh\u1eadn \u0111\u01b0\u1ee3c s\u1ef1 tin t\u01b0\u1edfng c\u1ee7a<\/span> <strong><span data-preserver-spaces=\"true\">h\u00e0ng tr\u0103m t\u1eadp \u0111o\u00e0n l\u1edbn<\/span><\/strong> <span data-preserver-spaces=\"true\">\u0111\u1ec3 gi\u00fap b\u1ea3o v\u1ec7 ch\u1ed1ng l\u1ea1i c\u00e1c cu\u1ed9c t\u1ea5n c\u00f4ng m\u1ea1ng. T\u1eeb nh\u1eefng kinh nghi\u1ec7m n\u00e0y, ch\u00fang t\u00f4i c\u00f3 khu\u00f4n kh\u1ed5 qu\u1ea3n l\u00fd r\u1ee7i ro an ninh m\u1ea1ng<\/span> <strong><span data-preserver-spaces=\"true\">\u0111\u1ec3 b\u1ea3o v\u1ec7 d\u1eef li\u1ec7u doanh nghi\u1ec7p c\u1ee7a b\u1ea1n,<\/span><\/strong><span data-preserver-spaces=\"true\">t\u00e0i s\u1ea3n tr\u00ed tu\u1ec7 ph\u1ea7n m\u1ec1m &#8220;Black Diamond&#8221; \u0111\u1ec3 t\u01b0\u01a1ng t\u00e1c v\u00e0 ph\u00e2n t\u00edch c\u00e1c s\u1ef1 ki\u1ec7n b\u1ea3o m\u1eadt v\u00e0 c\u00e1c s\u1ef1 c\u1ed1 an ninh m\u1ea1ng, tai n\u1ea1n v\u00e0 s\u1eeda ch\u1eefa ch\u00fang. T\u1eeb nh\u1eefng n\u1ec1n t\u1ea3ng v\u1eefng ch\u1eafc n\u00e0y, ch\u00fang t\u00f4i \u0111\u00e3 t\u1ea1o ra ba d\u1ecbch v\u1ee5 kh\u00e1c nhau nh\u01b0ng c\u00f3 m\u1ed1i li\u00ean h\u1ec7 v\u1edbi nhau \u1edf tr\u00ean. <\/span>[\/vc_custom_heading][vc_empty_space empty_h=&#8221;2&#8243;][vc_custom_heading heading_semantic=&#8221;h3&#8243; text_size=&#8221;h4&#8243; text_height=&#8221;fontheight-524109&#8243; text_font=&#8221;font-134980&#8243; text_weight=&#8221;300&#8243; text_color=&#8221;color-rgdb&#8221;]T\u00f3m l\u1ea1i, MXC l\u00e0 m\u1ed9t c\u00f4ng ty d\u1ecbch v\u1ee5 t\u01b0 v\u1ea5n an ninh m\u1ea1ng <span style=\"color: #006cff; font-weight: 600;\">\u0111\u1ed9c l\u1eadp, trung l\u1eadp v\u1edbi nh\u00e0 cung c\u1ea5p.<\/span>Ch\u00fang t\u00f4i c\u00f3 \u0111\u1ed9i ng\u0169 chuy\u00ean vi\u00ean an ninh m\u1ea1ng am hi\u1ec3u v\u1ec1 c\u00e1c c\u00f4ng ngh\u1ec7 kh\u00e1c nhau c\u1ee7a c\u00e1c nh\u00e0 cung c\u1ea5p v\u00e0 c\u00f3 th\u1ec3 l\u00e0m vi\u1ec7c trong m\u1ed9t m\u00f4i tr\u01b0\u1eddng \u0111a nh\u00e0 cung c\u1ea5p. MXC c\u00f3 th\u00e0nh t\u00edch \u0111\u00e3 \u0111\u01b0\u1ee3c ch\u1ee9ng minh nh\u1eb1m t\u1ea1o ra gi\u00e1 tr\u1ecb kinh doanh l\u00e2u d\u00e0i tr\u00ean nhi\u1ec1u ng\u00e0nh, c\u00f3 th\u1ec3 l\u00e0 ng\u00e2n h\u00e0ng tr\u1ef1c tuy\u1ebfn, t\u00e0i ch\u00ednh \u1ea3o, giao d\u1ecbch \u0111i\u1ec7n t\u1eed, b\u1ea3o hi\u1ec3m tr\u1ef1c tuy\u1ebfn, d\u1ecbch v\u1ee5 internet, trung t\u00e2m d\u1eef li\u1ec7u, ch\u00ednh ph\u1ee7 \u0111i\u1ec7n t\u1eed, \u0111\u1eb7t v\u00e9 m\u00e1y bay v\u00e0 h\u1eadu c\u1ea7n tr\u1ef1c tuy\u1ebfn. c\u00e1c b\u1ed9 ph\u1eadn c\u1ee7a n\u1ec1n kinh t\u1ebf k\u1ef9 thu\u1eadt s\u1ed1 c\u1ee7a Ch\u00e2u \u00c1.[\/vc_custom_heading][\/vc_column_inner][\/vc_row_inner][\/vc_column][\/vc_row][vc_row unlock_row_content=&#8221;yes&#8221; row_height_percent=&#8221;50&#8243; override_padding=&#8221;yes&#8221; h_padding=&#8221;0&#8243; top_padding=&#8221;0&#8243; bottom_padding=&#8221;0&#8243; back_color=&#8221;color-lxmt&#8221; overlay_alpha=&#8221;50&#8243; equal_height=&#8221;yes&#8221; gutter_size=&#8221;0&#8243; shift_y=&#8221;0&#8243; row_height_use_pixel=&#8221;&#8221;][vc_column column_width_percent=&#8221;70&#8243; position_vertical=&#8221;middle&#8221; override_padding=&#8221;yes&#8221; column_padding=&#8221;5&#8243; style=&#8221;light&#8221; overlay_alpha=&#8221;50&#8243; gutter_size=&#8221;3&#8243; medium_width=&#8221;0&#8243; mobile_width=&#8221;0&#8243; shift_x=&#8221;0&#8243; shift_y=&#8221;0&#8243; shift_y_down=&#8221;0&#8243; z_index=&#8221;0&#8243; zoom_width=&#8221;0&#8243; zoom_height=&#8221;0&#8243; width=&#8221;2\/3&#8243;][vc_custom_heading text_size=&#8221;h1&#8243; text_height=&#8221;fontheight-357766&#8243; text_font=&#8221;font-762333&#8243; text_color=&#8221;color-rgdb&#8221; separator=&#8221;yes&#8221; separator_color=&#8221;yes&#8221; sub_lead=&#8221;yes&#8221; sub_reduced=&#8221;yes&#8221; text_uppercase=&#8221;&#8221; subheading=&#8221;C\u00e1c m\u1ed1i \u0111e d\u1ecda v\u00e0 t\u1ed9i ph\u1ea1m m\u1ea1ng \u0111ang ph\u1ed5 bi\u1ebfn kh\u1eafp c\u00e1c ng\u00e0nh c\u00f4ng nghi\u1ec7p, g\u00e2y ra thi\u1ec7t h\u1ea1i kinh t\u1ebf, t\u1ed5n h\u1ea1i \u0111\u1ebfn danh ti\u1ebfng d\u1ecbch v\u1ee5 v\u00e0 l\u00e0m m\u1ea5t \u0111i l\u00f2ng tin c\u1ee7a kh\u00e1ch h\u00e0ng \u2013 Kh\u00f4ng ph\u1ea3i &quot;n\u1ebfu nh\u01b0&quot;, m\u00e0 l\u00e0 &quot;khi n\u00e0o&quot; doanh nghi\u1ec7p c\u1ee7a b\u1ea1n b\u1ecb t\u1ea5n c\u00f4ng. H\u00e3y chu\u1ea9n b\u1ecb! B\u1edfi v\u00ec ch\u00fang ta \u0111ang ph\u00e1t tri\u1ec3n m\u1ea1nh trong n\u1ec1n kinh t\u1ebf k\u1ef9 thu\u1eadt s\u1ed1 lu\u00f4n thay \u0111\u1ed5i.  &#8220;]Ch\u00fang t\u00f4i tin r\u1eb1ng[\/vc_custom_heading][vc_column_text text_lead=&#8221;yes&#8221;]Trong n\u1ec1n kinh t\u1ebf k\u1ef9 thu\u1eadt s\u1ed1 kh\u1ed5ng l\u1ed3 v\u00e0 th\u00fa v\u1ecb, v\u00e0 c\u0169ng d\u1ec5 b\u1ecb khai th\u00e1c b\u1edfi c\u00e1c th\u1ebf l\u1ef1c kh\u00f4ng r\u00f5 danh t\u00ednh, ch\u00fang t\u00f4i tin r\u1eb1ng kh\u00e1ch h\u00e0ng doanh nghi\u1ec7p c\u1ee7a ch\u00fang t\u00f4i c\u1ea7n m\u1ed9t nh\u00f3m an ninh m\u1ea1ng chuy\u00ean nghi\u1ec7p, nh\u1eefng ng\u01b0\u1eddi c\u00f3 t\u01b0 duy nh\u01b0 m\u1ed9t hacker \u0111\u1ec3 d\u1eabn d\u1eaft h\u1ecd th\u00e0nh c\u00f4ng trong h\u00e0nh tr\u00ecnh k\u1ef9 thu\u1eadt s\u1ed1. \u0110\u1ec3 \u0111\u00e1p \u1ee9ng nhu c\u1ea7u \u0111\u00f3, c\u00e1c chuy\u00ean gia t\u01b0 v\u1ea5n c\u1ee7a MXC \u0111\u00e3 \u0111\u01b0\u1ee3c trang b\u1ecb ki\u1ebfn th\u1ee9c v\u00e0 s\u1eb5n s\u00e0ng ph\u1ee5c v\u1ee5, d\u00f9 l\u00e0 l\u00fac n\u1eeda \u0111\u00eam, nh\u00f3m c\u1ee7a ch\u00fang t\u00f4i v\u1eabn l\u00e0m vi\u1ec7c \u0111\u1ec3 gi\u1eef cho doanh nghi\u1ec7p k\u1ef9 thu\u1eadt s\u1ed1 c\u1ee7a b\u1ea1n an to\u00e0n, b\u1ea3o m\u1eadt v\u00e0 duy tr\u00ec ho\u1ea1t \u0111\u1ed9ng 24\/7.[\/vc_column_text][\/vc_column][vc_column column_width_percent=&#8221;100&#8243; override_padding=&#8221;yes&#8221; column_padding=&#8221;0&#8243; back_color=&#8221;color-wayh&#8221; back_image=&#8221;81166&#8243; back_position=&#8221;center top&#8221; parallax=&#8221;yes&#8221; overlay_color=&#8221;color-xsdn&#8221; overlay_alpha=&#8221;49&#8243; gutter_size=&#8221;3&#8243; medium_width=&#8221;0&#8243; mobile_width=&#8221;0&#8243; shift_x=&#8221;0&#8243; shift_y=&#8221;0&#8243; shift_y_down=&#8221;0&#8243; z_index=&#8221;0&#8243; zoom_width=&#8221;0&#8243; zoom_height=&#8221;0&#8243; width=&#8221;1\/3&#8243;][\/vc_column][\/vc_row][vc_row unlock_row_content=&#8221;yes&#8221; row_height_percent=&#8221;0&#8243; override_padding=&#8221;yes&#8221; h_padding=&#8221;2&#8243; top_padding=&#8221;4&#8243; bottom_padding=&#8221;4&#8243; back_color=&#8221;color-uydo&#8221; overlay_alpha=&#8221;50&#8243; gutter_size=&#8221;3&#8243; column_width_percent=&#8221;100&#8243; shift_y=&#8221;0&#8243; z_index=&#8221;0&#8243;][vc_column column_width_percent=&#8221;100&#8243; overlay_alpha=&#8221;50&#8243; gutter_size=&#8221;3&#8243; medium_width=&#8221;0&#8243; mobile_width=&#8221;0&#8243; shift_x=&#8221;0&#8243; shift_y=&#8221;0&#8243; shift_y_down=&#8221;0&#8243; z_index=&#8221;0&#8243; width=&#8221;1\/1&#8243;][vc_row_inner row_inner_height_percent=&#8221;0&#8243; force_width_grid=&#8221;yes&#8221; overlay_alpha=&#8221;50&#8243; gutter_size=&#8221;4&#8243; shift_y=&#8221;0&#8243; z_index=&#8221;0&#8243;][vc_column_inner column_width_percent=&#8221;50&#8243; gutter_size=&#8221;4&#8243; overlay_alpha=&#8221;50&#8243; medium_width=&#8221;0&#8243; mobile_width=&#8221;0&#8243; shift_x=&#8221;0&#8243; shift_y=&#8221;0&#8243; shift_y_down=&#8221;0&#8243; z_index=&#8221;0&#8243; sticky=&#8221;yes&#8221; width=&#8221;3\/12&#8243;][vc_separator sep_color=&#8221;accent&#8221;][vc_custom_heading text_height=&#8221;fontheight-357766&#8243; text_space=&#8221;fontspace-781688&#8243; text_weight=&#8221;600&#8243;]B\u00e0i h\u1ecdc kinh nghi\u1ec7m[\/vc_custom_heading][\/vc_column_inner][vc_column_inner column_width_percent=&#8221;100&#8243; gutter_size=&#8221;3&#8243; overlay_alpha=&#8221;50&#8243; medium_width=&#8221;0&#8243; mobile_width=&#8221;0&#8243; shift_x=&#8221;0&#8243; shift_y=&#8221;0&#8243; shift_y_down=&#8221;0&#8243; z_index=&#8221;0&#8243; width=&#8221;9\/12&#8243;][vc_custom_heading]<\/p>\n<blockquote><p>B\u00e0i h\u1ecdc kinh nghi\u1ec7m t\u1eeb c\u00e1c s\u1ef1 c\u1ed1 an ninh m\u1ea1ng trong n\u0103m qua l\u00e0 g\u00ec?<\/p><\/blockquote>\n<p>[\/vc_custom_heading][vc_column_text]Khi m\u00e0 n\u1ec1n kinh t\u1ebf k\u1ef9 thu\u1eadt s\u1ed1 mang l\u1ea1i c\u01a1 h\u1ed9i kinh doanh cho c\u00e1c c\u00f4ng ty, \u0111\u1ed3ng th\u1eddi c\u0169ng mang l\u1ea1i nh\u1eefng th\u00e1ch th\u1ee9c l\u1edbn t\u1eeb r\u1ee7i ro an ninh m\u1ea1ng mang l\u1ea1i v\u00ed d\u1ee5 nh\u01b0 vi ph\u1ea1m d\u1eef li\u1ec7u v\u00e0 r\u00f2 r\u1ec9 th\u00f4ng tin kh\u00e1ch h\u00e0ng.[\/vc_column_text][vc_single_image media=&#8221;79913&#8243; media_width_percent=&#8221;100&#8243;][vc_column_text]Theo Identify Theft Resource Center (ITRC), s\u1ed1 v\u1ee5 vi ph\u1ea1m d\u1eef li\u1ec7u \u0111\u00e3 gi\u1ea3m trong n\u0103m 2018 so v\u1edbi n\u0103m 2017, nh\u01b0ng s\u1ed1 v\u1ee5 r\u00f2 r\u1ec9 th\u00f4ng tin c\u00e1 nh\u00e2n \u0111\u00e3 t\u0103ng v\u1ecdt l\u00ean 126%, t\u01b0\u01a1ng \u0111\u01b0\u01a1ng 446 tri\u1ec7u v\u00e0o n\u0103m 2018. \u0110i\u1ec1u \u0111\u00f3 cho th\u1ea5y quy m\u00f4 c\u1ee7a m\u1ed7i l\u1ea7n vi ph\u1ea1m d\u1eef li\u1ec7u \u0111\u01b0\u1ee3c b\u00e1o c\u00e1o, trung b\u00ecnh l\u00e0 358.000 h\u1ed3 s\u01a1 c\u00e1 nh\u00e2n c\u1ee7a kh\u00e1ch h\u00e0ng cho m\u1ed7i l\u1ea7n vi ph\u1ea1m d\u1eef li\u1ec7u.[\/vc_column_text][vc_single_image media=&#8221;79914&#8243; media_width_percent=&#8221;100&#8243;][\/vc_column_inner][\/vc_row_inner][\/vc_column][\/vc_row]<\/p>\n","protected":false},"excerpt":{"rendered":"<p>[vc_row unlock_row_content=&#8221;yes&#8221; row_height_percent=&#8221;0&#8243; override_padding=&#8221;yes&#8221; h_padding=&#8221;2&#8243; top_padding=&#8221;0&#8243; bottom_padding=&#8221;4&#8243; back_color=&#8221;color-gyho&#8221; overlay_alpha=&#8221;50&#8243; gutter_size=&#8221;3&#8243; column_width_percent=&#8221;100&#8243; shift_y=&#8221;0&#8243; z_index=&#8221;1&#8243; top_divider=&#8221;triangle&#8221; row_name=&#8221;Informations&#8221;][vc_column column_width_use_pixel=&#8221;yes&#8221; position_vertical=&#8221;middle&#8221; align_horizontal=&#8221;align_center&#8221; override_padding=&#8221;yes&#8221; column_padding=&#8221;2&#8243; [&hellip;]<\/p>\n","protected":false},"author":1,"featured_media":0,"parent":0,"menu_order":0,"comment_status":"closed","ping_status":"closed","template":"","meta":[],"_links":{"self":[{"href":"https:\/\/maximusholding.com\/vi\/wp-json\/wp\/v2\/pages\/86736"}],"collection":[{"href":"https:\/\/maximusholding.com\/vi\/wp-json\/wp\/v2\/pages"}],"about":[{"href":"https:\/\/maximusholding.com\/vi\/wp-json\/wp\/v2\/types\/page"}],"author":[{"embeddable":true,"href":"https:\/\/maximusholding.com\/vi\/wp-json\/wp\/v2\/users\/1"}],"replies":[{"embeddable":true,"href":"https:\/\/maximusholding.com\/vi\/wp-json\/wp\/v2\/comments?post=86736"}],"version-history":[{"count":5,"href":"https:\/\/maximusholding.com\/vi\/wp-json\/wp\/v2\/pages\/86736\/revisions"}],"predecessor-version":[{"id":87247,"href":"https:\/\/maximusholding.com\/vi\/wp-json\/wp\/v2\/pages\/86736\/revisions\/87247"}],"wp:attachment":[{"href":"https:\/\/maximusholding.com\/vi\/wp-json\/wp\/v2\/media?parent=86736"}],"curies":[{"name":"wp","href":"https:\/\/api.w.org\/{rel}","templated":true}]}}