{"id":86886,"date":"2016-02-22T12:42:52","date_gmt":"2016-02-22T04:42:52","guid":{"rendered":"http:\/\/tweb2.maximusholding.com:33443\/lien-he\/"},"modified":"2022-03-20T18:07:59","modified_gmt":"2022-03-20T10:07:59","slug":"lien-he","status":"publish","type":"page","link":"https:\/\/maximusholding.com\/vi\/lien-he\/","title":{"rendered":"Li\u00ean h\u1ec7"},"content":{"rendered":"<p>[vc_row unlock_row_content=&#8221;yes&#8221; row_height_percent=&#8221;55&#8243; override_padding=&#8221;yes&#8221; h_padding=&#8221;0&#8243; top_padding=&#8221;0&#8243; bottom_padding=&#8221;0&#8243; overlay_alpha=&#8221;50&#8243; equal_height=&#8221;yes&#8221; gutter_size=&#8221;0&#8243; column_width_percent=&#8221;100&#8243; mobile_visibility=&#8221;yes&#8221; shift_y=&#8221;0&#8243; z_index=&#8221;0&#8243;][vc_column column_width_percent=&#8221;100&#8243; position_vertical=&#8221;bottom&#8221; expand_height=&#8221;yes&#8221; override_padding=&#8221;yes&#8221; column_padding=&#8221;0&#8243; style=&#8221;dark&#8221; font_family=&#8221;font-762333&#8243; back_color=&#8221;color-rgdb&#8221; overlay_color=&#8221;color-wayh&#8221; overlay_alpha=&#8221;85&#8243; gutter_size=&#8221;0&#8243; border_color=&#8221;accent&#8221; border_style=&#8221;solid&#8221; medium_width=&#8221;0&#8243; mobile_width=&#8221;0&#8243; shift_x=&#8221;0&#8243; shift_y=&#8221;0&#8243; shift_y_down=&#8221;0&#8243; z_index=&#8221;0&#8243; width=&#8221;1\/2&#8243; mobile_height=&#8221;360&#8243;][vc_raw_html]PGlmcmFtZSBzcmM9Imh0dHBzOi8vd3d3Lmdvb2dsZS5jb20vbWFwcy9lbWJlZD9wYj0hMW0xNCExbTghMW0zITFkMTQ3NjYuMzk3MjAyNTU2MTgzITJkMTE0LjIwMzUxMDQ0Njk0NjY3ITNkMjIuMjkzMTYzNjAwMTA5NzE1ITNtMiExaTEwMjQhMmk3NjghNGYxMy4xITNtMyExbTIhMXMweDAlM0EweGUxNDY4NDY0Y2IzYzQ3YzUhMnNNYXhpbXVzJTIwQ29uc3VsdGluZyUyMChIb25nJTIwS29uZyklMjBMaW1pdGVkITVlMCEzbTIhMXNlbiEyc3VzITR2MTU2NzEzNTA4NDU5NyE1bTIhMXNlbiEyc3VzIiBoZWlnaHQ9IjcwNiIgZnJhbWVib3JkZXI9IjAiIHN0eWxlPSJib3JkZXI6MDsiIGFsbG93ZnVsbHNjcmVlbj0iIj48L2lmcmFtZT4=[\/vc_raw_html][\/vc_column][vc_column column_width_percent=&#8221;100&#8243; position_vertical=&#8221;middle&#8221; override_padding=&#8221;yes&#8221; column_padding=&#8221;4&#8243; style=&#8221;dark&#8221; back_color=&#8221;accent&#8221; overlay_color=&#8221;accent&#8221; overlay_alpha=&#8221;85&#8243; gutter_size=&#8221;3&#8243; border_color=&#8221;color-jevc&#8221; border_style=&#8221;solid&#8221; medium_width=&#8221;0&#8243; mobile_width=&#8221;0&#8243; shift_x=&#8221;0&#8243; shift_y=&#8221;0&#8243; shift_y_down=&#8221;0&#8243; z_index=&#8221;0&#8243; width=&#8221;1\/2&#8243; css=&#8221;.vc_custom_1584892316913{border-bottom-width: 6px !important;}&#8221;][vc_custom_heading heading_semantic=&#8221;h3&#8243; text_size=&#8221;h1&#8243; text_space=&#8221;fontspace-781688&#8243; text_weight=&#8221;900&#8243; separator=&#8221;yes&#8221;]Hong Kong[\/vc_custom_heading][vc_column_text text_lead=&#8221;yes&#8221;]Maximus Consulting (Hong Kong) Ltd.<br \/>\nSuite 1507-08, 15\/F., Two Chinachem Exchange Square, 338 King&#8217;s Road, North Point, Hong Kong<\/p>\n<p>Mr. Roger Chung<br \/>\n<strong>P<\/strong> +852 28023953<br \/>\n<strong>F<\/strong> +852 2802 3940<br \/>\n<strong>E<\/strong> info@maximusholding.com[\/vc_column_text][\/vc_column][\/vc_row][vc_row unlock_row_content=&#8221;yes&#8221; row_height_percent=&#8221;26&#8243; override_padding=&#8221;yes&#8221; h_padding=&#8221;0&#8243; top_padding=&#8221;0&#8243; bottom_padding=&#8221;0&#8243; overlay_alpha=&#8221;50&#8243; equal_height=&#8221;yes&#8221; gutter_size=&#8221;0&#8243; column_width_percent=&#8221;100&#8243; desktop_visibility=&#8221;yes&#8221; medium_visibility=&#8221;yes&#8221; shift_y=&#8221;0&#8243; z_index=&#8221;0&#8243;][vc_column column_width_percent=&#8221;100&#8243; position_vertical=&#8221;middle&#8221; override_padding=&#8221;yes&#8221; column_padding=&#8221;4&#8243; style=&#8221;dark&#8221; back_color=&#8221;accent&#8221; back_image=&#8221;11311&#8243; overlay_color=&#8221;accent&#8221; overlay_alpha=&#8221;85&#8243; gutter_size=&#8221;3&#8243; border_color=&#8221;color-jevc&#8221; border_style=&#8221;solid&#8221; medium_width=&#8221;0&#8243; mobile_width=&#8221;0&#8243; shift_x=&#8221;0&#8243; shift_y=&#8221;0&#8243; shift_y_down=&#8221;0&#8243; z_index=&#8221;0&#8243; width=&#8221;1\/2&#8243; css=&#8221;.vc_custom_1567136867473{border-bottom-width: 6px !important;}&#8221;][vc_custom_heading heading_semantic=&#8221;h3&#8243; text_size=&#8221;h1&#8243; text_space=&#8221;fontspace-781688&#8243; text_weight=&#8221;900&#8243; separator=&#8221;yes&#8221;]Hong Kong[\/vc_custom_heading][vc_column_text text_lead=&#8221;yes&#8221;]Maximus Consulting (Hong Kong) Ltd.<br \/>\nSuite 1507-08, 15\/F., Two Chinachem Exchange Square, 338 King&#8217;s Road, North Point, Hong Kong<\/p>\n<p>Mr. Roger Chung<br \/>\n<strong>P<\/strong> +852 28023953<br \/>\n<strong>F<\/strong> +852 2802 3940<br \/>\n<strong>E<\/strong> info@maximusholding.com[\/vc_column_text][\/vc_column][vc_column column_width_percent=&#8221;100&#8243; position_vertical=&#8221;bottom&#8221; expand_height=&#8221;yes&#8221; override_padding=&#8221;yes&#8221; column_padding=&#8221;0&#8243; style=&#8221;dark&#8221; font_family=&#8221;font-762333&#8243; back_color=&#8221;color-rgdb&#8221; overlay_color=&#8221;color-wayh&#8221; overlay_alpha=&#8221;85&#8243; gutter_size=&#8221;0&#8243; border_color=&#8221;accent&#8221; border_style=&#8221;solid&#8221; medium_width=&#8221;0&#8243; mobile_width=&#8221;0&#8243; shift_x=&#8221;0&#8243; shift_y=&#8221;0&#8243; shift_y_down=&#8221;0&#8243; z_index=&#8221;0&#8243; width=&#8221;1\/2&#8243; mobile_height=&#8221;360&#8243;][vc_raw_html]PGlmcmFtZSBzcmM9Imh0dHBzOi8vd3d3Lmdvb2dsZS5jb20vbWFwcy9lbWJlZD9wYj0hMW0xNCExbTghMW0zITFkMTQ3NjYuMzk3MjAyNTU2MTgzITJkMTE0LjIwMzUxMDQ0Njk0NjY3ITNkMjIuMjkzMTYzNjAwMTA5NzE1ITNtMiExaTEwMjQhMmk3NjghNGYxMy4xITNtMyExbTIhMXMweDAlM0EweGUxNDY4NDY0Y2IzYzQ3YzUhMnNNYXhpbXVzJTIwQ29uc3VsdGluZyUyMChIb25nJTIwS29uZyklMjBMaW1pdGVkITVlMCEzbTIhMXNlbiEyc3VzITR2MTU2NzEzNTA4NDU5NyE1bTIhMXNlbiEyc3VzIiBoZWlnaHQ9IjM2MCIgZnJhbWVib3JkZXI9IjAiIHN0eWxlPSJib3JkZXI6MDsiIGFsbG93ZnVsbHNjcmVlbj0iIj48L2lmcmFtZT4=[\/vc_raw_html][\/vc_column][\/vc_row][vc_row unlock_row_content=&#8221;yes&#8221; row_height_percent=&#8221;55&#8243; override_padding=&#8221;yes&#8221; h_padding=&#8221;0&#8243; top_padding=&#8221;0&#8243; bottom_padding=&#8221;0&#8243; overlay_alpha=&#8221;50&#8243; equal_height=&#8221;yes&#8221; gutter_size=&#8221;0&#8243; shift_y=&#8221;0&#8243;][vc_column column_width_percent=&#8221;100&#8243; position_vertical=&#8221;middle&#8221; override_padding=&#8221;yes&#8221; column_padding=&#8221;4&#8243; style=&#8221;dark&#8221; back_color=&#8221;color-wayh&#8221; overlay_color=&#8221;color-wayh&#8221; overlay_alpha=&#8221;85&#8243; gutter_size=&#8221;3&#8243; medium_width=&#8221;0&#8243; mobile_width=&#8221;0&#8243; shift_x=&#8221;0&#8243; shift_y=&#8221;0&#8243; shift_y_down=&#8221;0&#8243; z_index=&#8221;0&#8243; width=&#8221;1\/4&#8243;][vc_custom_heading heading_semantic=&#8221;h3&#8243; text_size=&#8221;h1&#8243; text_space=&#8221;fontspace-781688&#8243; text_weight=&#8221;900&#8243; separator=&#8221;yes&#8221;]Vietnam[\/vc_custom_heading][vc_column_text text_lead=&#8221;yes&#8221;]MXC Overseas Development Center<br \/>\n8\/F Saigon Prime Building, 107 Nguyen Dinh Chieu St, Ward 6, District 3, HCM City, Vietnam<\/p>\n<p>Mr. Cong Do<br \/>\n<strong>P <\/strong>+84 967212112<br \/>\n<strong>E<\/strong> info@maximusholding.com[\/vc_column_text][\/vc_column][vc_column column_width_percent=&#8221;100&#8243; position_vertical=&#8221;middle&#8221; override_padding=&#8221;yes&#8221; column_padding=&#8221;4&#8243; style=&#8221;dark&#8221; back_color=&#8221;accent&#8221; overlay_color=&#8221;accent&#8221; overlay_alpha=&#8221;85&#8243; gutter_size=&#8221;3&#8243; medium_width=&#8221;0&#8243; mobile_width=&#8221;0&#8243; shift_x=&#8221;0&#8243; shift_y=&#8221;0&#8243; shift_y_down=&#8221;0&#8243; z_index=&#8221;0&#8243; width=&#8221;1\/4&#8243;][vc_custom_heading heading_semantic=&#8221;h3&#8243; text_size=&#8221;h1&#8243; text_space=&#8221;fontspace-781688&#8243; text_weight=&#8221;900&#8243; separator=&#8221;yes&#8221;]Korea[\/vc_custom_heading][vc_column_text text_lead=&#8221;yes&#8221;]Global Telecom Co., Ltd.<br \/>\nUnit 801-809, Mullae SK V1 Center, 10 Seonyu-ro 9-gil, Yeongdeungpo-gu, Seoul, Korea (07281)<\/p>\n<p>Mr. David Lee<br \/>\n<strong>P <\/strong> +82 10-8649-5003<br \/>\n<strong>E<\/strong> david@globaltelecom.co.kr[\/vc_column_text][\/vc_column][vc_column column_width_percent=&#8221;100&#8243; override_padding=&#8221;yes&#8221; column_padding=&#8221;4&#8243; style=&#8221;dark&#8221; back_color=&#8221;color-wayh&#8221; overlay_color=&#8221;color-wayh&#8221; overlay_alpha=&#8221;85&#8243; gutter_size=&#8221;3&#8243; medium_width=&#8221;0&#8243; mobile_width=&#8221;0&#8243; shift_x=&#8221;0&#8243; shift_y=&#8221;0&#8243; shift_y_down=&#8221;0&#8243; z_index=&#8221;0&#8243; width=&#8221;1\/4&#8243;][vc_custom_heading heading_semantic=&#8221;h3&#8243; text_size=&#8221;h1&#8243; text_space=&#8221;fontspace-781688&#8243; text_weight=&#8221;900&#8243; separator=&#8221;yes&#8221;]Singapore[\/vc_custom_heading][vc_column_text text_lead=&#8221;yes&#8221;]MXC Security (Singapore) Pte. Ltd.<br \/>\n71, UBI ROAD 1, OXLEY BIZHUB, #05-37, SINGAPORE 408732<\/p>\n<p>Mr. Giang Phung<br \/>\n<strong>P <\/strong>+65 97823585<br \/>\n<strong>F <\/strong>+65 6721 9673[\/vc_column_text][\/vc_column][vc_column column_width_percent=&#8221;100&#8243; override_padding=&#8221;yes&#8221; column_padding=&#8221;4&#8243; style=&#8221;dark&#8221; back_color=&#8221;accent&#8221; overlay_alpha=&#8221;50&#8243; gutter_size=&#8221;3&#8243; medium_width=&#8221;0&#8243; mobile_width=&#8221;0&#8243; shift_x=&#8221;0&#8243; shift_y=&#8221;0&#8243; shift_y_down=&#8221;0&#8243; z_index=&#8221;0&#8243; width=&#8221;1\/4&#8243;][vc_custom_heading heading_semantic=&#8221;h3&#8243; text_size=&#8221;h1&#8243; text_space=&#8221;fontspace-781688&#8243; text_weight=&#8221;900&#8243; separator=&#8221;yes&#8221;]Macau[\/vc_custom_heading][vc_column_text text_lead=&#8221;yes&#8221;]Ms. Maggie Mak<br \/>\n<strong>P <\/strong>+852 31523090[\/vc_column_text][\/vc_column][\/vc_row][vc_row row_height_percent=&#8221;0&#8243; override_padding=&#8221;yes&#8221; h_padding=&#8221;2&#8243; top_padding=&#8221;4&#8243; bottom_padding=&#8221;4&#8243; back_color=&#8221;color-rgdb&#8221; overlay_alpha=&#8221;50&#8243; gutter_size=&#8221;3&#8243; column_width_use_pixel=&#8221;yes&#8221; border_color=&#8221;accent&#8221; border_style=&#8221;solid&#8221; shift_y=&#8221;0&#8243; z_index=&#8221;0&#8243; column_width_pixel=&#8221;800&#8243; css=&#8221;.vc_custom_1496315495043{border-top-width: 13px !important;}&#8221;][vc_column column_width_percent=&#8221;100&#8243; align_horizontal=&#8221;align_center&#8221; overlay_alpha=&#8221;50&#8243; gutter_size=&#8221;3&#8243; desktop_visibility=&#8221;yes&#8221; medium_visibility=&#8221;yes&#8221; medium_width=&#8221;0&#8243; mobile_visibility=&#8221;yes&#8221; mobile_width=&#8221;0&#8243; shift_x=&#8221;0&#8243; shift_y=&#8221;0&#8243; shift_y_down=&#8221;0&#8243; z_index=&#8221;0&#8243; css_animation=&#8221;bottom-t-top&#8221; animation_delay=&#8221;200&#8243; width=&#8221;1\/1&#8243;][\/vc_column][\/vc_row][vc_row row_height_percent=&#8221;0&#8243; override_padding=&#8221;yes&#8221; h_padding=&#8221;2&#8243; top_padding=&#8221;0&#8243; bottom_padding=&#8221;2&#8243; back_color=&#8221;color-rgdb&#8221; overlay_alpha=&#8221;50&#8243; gutter_size=&#8221;3&#8243; column_width_percent=&#8221;100&#8243; shift_y=&#8221;0&#8243; z_index=&#8221;0&#8243;][vc_column column_width_percent=&#8221;100&#8243; overlay_alpha=&#8221;50&#8243; gutter_size=&#8221;4&#8243; medium_width=&#8221;0&#8243; mobile_width=&#8221;0&#8243; shift_x=&#8221;0&#8243; shift_y=&#8221;0&#8243; shift_y_down=&#8221;0&#8243; z_index=&#8221;0&#8243; width=&#8221;1\/1&#8243;][vc_row_inner row_inner_height_percent=&#8221;0&#8243; overlay_alpha=&#8221;50&#8243; gutter_size=&#8221;4&#8243; shift_y=&#8221;0&#8243;][vc_column_inner column_width_percent=&#8221;100&#8243; style=&#8221;dark&#8221; gutter_size=&#8221;4&#8243; overlay_alpha=&#8221;50&#8243; medium_width=&#8221;0&#8243; mobile_width=&#8221;0&#8243; shift_x=&#8221;0&#8243; shift_y=&#8221;0&#8243; shift_y_down=&#8221;0&#8243; z_index=&#8221;0&#8243; sticky=&#8221;yes&#8221; width=&#8221;3\/12&#8243;][vc_empty_space empty_h=&#8221;2&#8243; medium_visibility=&#8221;yes&#8221; mobile_visibility=&#8221;yes&#8221;][vc_separator sep_color=&#8221;accent&#8221;][vc_custom_heading text_height=&#8221;fontheight-357766&#8243; text_space=&#8221;fontspace-781688&#8243;]Li\u00ean h\u1ec7 v\u1edbi ch\u00fang t\u00f4i[\/vc_custom_heading][\/vc_column_inner][vc_column_inner column_width_percent=&#8221;100&#8243; override_padding=&#8221;yes&#8221; column_padding=&#8221;4&#8243; gutter_size=&#8221;3&#8243; back_color=&#8221;color-xsdn&#8221; overlay_alpha=&#8221;50&#8243; medium_width=&#8221;0&#8243; mobile_width=&#8221;0&#8243; shift_x=&#8221;0&#8243; shift_y=&#8221;-4&#8243; shift_y_down=&#8221;0&#8243; z_index=&#8221;0&#8243; shadow=&#8221;lg&#8221; shadow_darker=&#8221;yes&#8221; radius=&#8221;std&#8221; width=&#8221;9\/12&#8243;][vc_custom_heading heading_semantic=&#8221;p&#8221; text_size=&#8221;h1&#8243; text_height=&#8221;fontheight-357766&#8243; text_space=&#8221;fontspace-781688&#8243; text_weight=&#8221;600&#8243; text_color=&#8221;color-prif&#8221; sub_lead=&#8221;yes&#8221;]B\u1eaft \u0111\u1ea7u l\u0129nh v\u1ef1c an ninh m\u1ea1ng?[\/vc_custom_heading][vc_column_text text_lead=&#8221;yes&#8221;]<strong>Ki\u1ebfn th\u1ee9c<\/strong>, <strong>kinh nghi\u1ec7m<\/strong>v\u00e0 <strong>ngu\u1ed9n l\u1ef1c<\/strong> l\u00e0 nh\u1eefng n\u1ec1n t\u1ea3ng b\u1ea3o v\u1ec7 doanh nghi\u1ec7p c\u1ee7a b\u1ea1n kh\u1ecfi c\u00e1c cu\u1ed9c t\u1ea5n c\u00f4ng m\u1ea1ng. <strong>MXC<\/strong> \u0111\u00e3 v\u00e0 \u0111ang chi\u1ebfn \u0111\u1ea5u ch\u1ed1ng t\u1ed9i ph\u1ea1m m\u1ea1ng v\u1edbi <strong>h\u01a1n h\u00e0ng tr\u0103m t\u1eadp \u0111o\u00e0n l\u1edbn<\/strong> tr\u00ean th\u1ebf gi\u1edbi.[\/vc_column_text]<div role=\"form\" class=\"wpcf7\" id=\"wpcf7-f87029-o1\" lang=\"vi-VN\" dir=\"ltr\">\n<div class=\"screen-reader-response\"><p role=\"status\" aria-live=\"polite\" aria-atomic=\"true\"><\/p> <ul><\/ul><\/div>\n<form action=\"\/vi\/wp-json\/wp\/v2\/pages\/86886#wpcf7-f87029-o1\" method=\"post\" class=\"wpcf7-form init\" novalidate=\"novalidate\" data-status=\"init\">\n<div style=\"display: none;\">\n<input type=\"hidden\" name=\"_wpcf7\" value=\"87029\" \/>\n<input type=\"hidden\" name=\"_wpcf7_version\" value=\"5.5.6\" \/>\n<input type=\"hidden\" name=\"_wpcf7_locale\" value=\"vi_VN\" \/>\n<input type=\"hidden\" name=\"_wpcf7_unit_tag\" value=\"wpcf7-f87029-o1\" \/>\n<input type=\"hidden\" name=\"_wpcf7_container_post\" value=\"0\" \/>\n<input type=\"hidden\" name=\"_wpcf7_posted_data_hash\" value=\"\" \/>\n<input type=\"hidden\" name=\"_wpcf7_recaptcha_response\" value=\"\" \/>\n<\/div>\n<p><span class=\"wpcf7-form-control-wrap your-email\"><input type=\"text\" name=\"your-email\" value=\"\" size=\"40\" class=\"wpcf7-form-control wpcf7-text wpcf7-validates-as-required form-fluid form-xl\" aria-required=\"true\" aria-invalid=\"false\" placeholder=\"Email c\u1ee7a b\u1ea1n\" \/><\/span><\/p>\n<p><span class=\"wpcf7-form-control-wrap your-message\"><textarea name=\"your-message\" cols=\"40\" rows=\"10\" class=\"wpcf7-form-control wpcf7-textarea form-xl\" aria-invalid=\"false\" placeholder=\"Tin nh\u1eafn\"><\/textarea><\/span> <\/p>\n<p><input type=\"submit\" value=\"G\u1eedi y\u00eau c\u1ea7u\" class=\"wpcf7-form-control has-spinner wpcf7-submit btn btn-accent btn-xl\" \/><\/p>\n<input type=\"hidden\" name=\"your-subject\" value=\"MXC Homepage\" class=\"wpcf7-form-control wpcf7-hidden\" \/>\n<div class=\"wpcf7-response-output\" aria-hidden=\"true\"><\/div><\/form><\/div>[\/vc_column_inner][\/vc_row_inner][vc_row_inner row_inner_height_percent=&#8221;0&#8243; overlay_alpha=&#8221;50&#8243; gutter_size=&#8221;3&#8243; shift_y=&#8221;0&#8243;][vc_column_inner column_width_percent=&#8221;100&#8243; gutter_size=&#8221;3&#8243; overlay_alpha=&#8221;50&#8243; medium_visibility=&#8221;yes&#8221; medium_width=&#8221;0&#8243; mobile_visibility=&#8221;yes&#8221; mobile_width=&#8221;0&#8243; shift_x=&#8221;0&#8243; shift_y=&#8221;0&#8243; shift_y_down=&#8221;0&#8243; z_index=&#8221;0&#8243; width=&#8221;1\/4&#8243;][\/vc_column_inner][vc_column_inner column_width_percent=&#8221;100&#8243; style=&#8221;dark&#8221; gutter_size=&#8221;3&#8243; overlay_alpha=&#8221;50&#8243; medium_width=&#8221;3&#8243; mobile_width=&#8221;7&#8243; shift_x=&#8221;0&#8243; shift_y=&#8221;0&#8243; shift_y_down=&#8221;0&#8243; z_index=&#8221;0&#8243; width=&#8221;1\/4&#8243;][vc_icon position=&#8221;left&#8221; icon=&#8221;fa fa-phone&#8221; icon_color=&#8221;accent&#8221; size=&#8221;fa-2x&#8221; heading_semantic=&#8221;h5&#8243; text_size=&#8221;h5&#8243; text_weight=&#8221;300&#8243; text_space=&#8221;fontspace-781688&#8243; linked_title=&#8221;yes&#8221; css_animation=&#8221;right-t-left&#8221; animation_delay=&#8221;200&#8243; title=&#8221;+852 2802 3953&#8243; link=&#8221;url:tel%3A%2F%2F1-555-555-5555|||&#8221;][\/vc_icon][\/vc_column_inner][vc_column_inner column_width_percent=&#8221;100&#8243; style=&#8221;dark&#8221; gutter_size=&#8221;3&#8243; overlay_alpha=&#8221;50&#8243; medium_width=&#8221;3&#8243; mobile_width=&#8221;7&#8243; shift_x=&#8221;0&#8243; shift_y=&#8221;0&#8243; shift_y_down=&#8221;0&#8243; z_index=&#8221;0&#8243; width=&#8221;1\/4&#8243;][vc_icon position=&#8221;left&#8221; icon=&#8221;fa fa-fax&#8221; icon_color=&#8221;accent&#8221; size=&#8221;fa-2x&#8221; heading_semantic=&#8221;h5&#8243; text_size=&#8221;h5&#8243; text_weight=&#8221;300&#8243; text_space=&#8221;fontspace-781688&#8243; linked_title=&#8221;yes&#8221; css_animation=&#8221;right-t-left&#8221; animation_delay=&#8221;400&#8243; title=&#8221;+852 2802 3940&#8243; link=&#8221;url:mailto%3Ahelp%40uncodecorp.com|||&#8221;][\/vc_icon][\/vc_column_inner][vc_column_inner column_width_percent=&#8221;100&#8243; style=&#8221;dark&#8221; gutter_size=&#8221;3&#8243; overlay_alpha=&#8221;50&#8243; medium_width=&#8221;3&#8243; mobile_width=&#8221;7&#8243; shift_x=&#8221;0&#8243; shift_y=&#8221;0&#8243; shift_y_down=&#8221;0&#8243; z_index=&#8221;0&#8243; width=&#8221;1\/4&#8243;][vc_icon position=&#8221;left&#8221; icon=&#8221;fa fa-envelope&#8221; icon_color=&#8221;accent&#8221; size=&#8221;fa-2x&#8221; heading_semantic=&#8221;h5&#8243; text_size=&#8221;h5&#8243; text_weight=&#8221;300&#8243; text_space=&#8221;fontspace-781688&#8243; linked_title=&#8221;yes&#8221; css_animation=&#8221;right-t-left&#8221; animation_delay=&#8221;600&#8243; title=&#8221;info@maximusholding.com&#8221; link=&#8221;url:mailto%3Ainfo%40uncodecorp.com|||&#8221;][\/vc_icon][\/vc_column_inner][\/vc_row_inner][vc_separator sep_color=&#8221;color-prif&#8221;][\/vc_column][\/vc_row]<\/p>\n","protected":false},"excerpt":{"rendered":"<p>[vc_row unlock_row_content=&#8221;yes&#8221; row_height_percent=&#8221;55&#8243; override_padding=&#8221;yes&#8221; h_padding=&#8221;0&#8243; top_padding=&#8221;0&#8243; bottom_padding=&#8221;0&#8243; overlay_alpha=&#8221;50&#8243; equal_height=&#8221;yes&#8221; gutter_size=&#8221;0&#8243; column_width_percent=&#8221;100&#8243; mobile_visibility=&#8221;yes&#8221; shift_y=&#8221;0&#8243; z_index=&#8221;0&#8243;][vc_column column_width_percent=&#8221;100&#8243; position_vertical=&#8221;bottom&#8221; expand_height=&#8221;yes&#8221; override_padding=&#8221;yes&#8221; column_padding=&#8221;0&#8243; style=&#8221;dark&#8221; [&hellip;]<\/p>\n","protected":false},"author":1,"featured_media":0,"parent":0,"menu_order":0,"comment_status":"closed","ping_status":"closed","template":"","meta":[],"_links":{"self":[{"href":"https:\/\/maximusholding.com\/vi\/wp-json\/wp\/v2\/pages\/86886"}],"collection":[{"href":"https:\/\/maximusholding.com\/vi\/wp-json\/wp\/v2\/pages"}],"about":[{"href":"https:\/\/maximusholding.com\/vi\/wp-json\/wp\/v2\/types\/page"}],"author":[{"embeddable":true,"href":"https:\/\/maximusholding.com\/vi\/wp-json\/wp\/v2\/users\/1"}],"replies":[{"embeddable":true,"href":"https:\/\/maximusholding.com\/vi\/wp-json\/wp\/v2\/comments?post=86886"}],"version-history":[{"count":3,"href":"https:\/\/maximusholding.com\/vi\/wp-json\/wp\/v2\/pages\/86886\/revisions"}],"predecessor-version":[{"id":87590,"href":"https:\/\/maximusholding.com\/vi\/wp-json\/wp\/v2\/pages\/86886\/revisions\/87590"}],"wp:attachment":[{"href":"https:\/\/maximusholding.com\/vi\/wp-json\/wp\/v2\/media?parent=86886"}],"curies":[{"name":"wp","href":"https:\/\/api.w.org\/{rel}","templated":true}]}}