{"id":86893,"date":"2019-08-22T04:07:19","date_gmt":"2019-08-21T20:07:19","guid":{"rendered":"http:\/\/tweb2.maximusholding.com:33443\/lich-su\/"},"modified":"2022-04-20T16:32:25","modified_gmt":"2022-04-20T08:32:25","slug":"lich-su","status":"publish","type":"page","link":"https:\/\/maximusholding.com\/vi\/lich-su\/","title":{"rendered":"L\u1ecbch s\u1eed"},"content":{"rendered":"<p>[vc_row unlock_row_content=&#8221;yes&#8221; row_height_percent=&#8221;0&#8243; override_padding=&#8221;yes&#8221; h_padding=&#8221;2&#8243; top_padding=&#8221;0&#8243; bottom_padding=&#8221;4&#8243; back_color=&#8221;color-gyho&#8221; overlay_alpha=&#8221;50&#8243; gutter_size=&#8221;3&#8243; column_width_percent=&#8221;100&#8243; shift_y=&#8221;0&#8243; z_index=&#8221;1&#8243; top_divider=&#8221;triangle&#8221; row_name=&#8221;Informations&#8221;][vc_column column_width_use_pixel=&#8221;yes&#8221; position_vertical=&#8221;middle&#8221; align_horizontal=&#8221;align_center&#8221; override_padding=&#8221;yes&#8221; column_padding=&#8221;4&#8243; back_color=&#8221;color-xsdn&#8221; overlay_alpha=&#8221;50&#8243; gutter_size=&#8221;0&#8243; medium_width=&#8221;0&#8243; mobile_width=&#8221;0&#8243; shift_x=&#8221;0&#8243; shift_y=&#8221;-3&#8243; shift_y_fixed=&#8221;yes&#8221; shift_y_down=&#8221;0&#8243; z_index=&#8221;0&#8243; shadow=&#8221;lg&#8221; radius=&#8221;sm&#8221; width=&#8221;1\/1&#8243; column_width_pixel=&#8221;1600&#8243; css=&#8221;.vc_custom_1566460838700{padding-right: 4px !important;padding-bottom: 4px !important;padding-left: 4px !important;}&#8221;][vc_empty_space empty_h=&#8221;2&#8243;][vc_single_image media=&#8221;79956&#8243; media_width_percent=&#8221;100&#8243; alignment=&#8221;center&#8221;][vc_empty_space empty_h=&#8221;2&#8243;][\/vc_column][\/vc_row][vc_row row_height_percent=&#8221;0&#8243; override_padding=&#8221;yes&#8221; h_padding=&#8221;2&#8243; top_padding=&#8221;2&#8243; bottom_padding=&#8221;4&#8243; back_color=&#8221;color-gyho&#8221; overlay_alpha=&#8221;50&#8243; gutter_size=&#8221;3&#8243; column_width_percent=&#8221;100&#8243; shift_y=&#8221;0&#8243; z_index=&#8221;0&#8243; row_name=&#8221;Informations&#8221; el_class=&#8221;hack&#8221;][vc_column column_width_percent=&#8221;100&#8243; overlay_alpha=&#8221;50&#8243; gutter_size=&#8221;4&#8243; medium_width=&#8221;0&#8243; mobile_width=&#8221;0&#8243; shift_x=&#8221;0&#8243; shift_y=&#8221;-3&#8243; shift_y_down=&#8221;0&#8243; z_index=&#8221;0&#8243; width=&#8221;1\/1&#8243;][vc_empty_space empty_h=&#8221;2&#8243;][vc_custom_heading heading_semantic=&#8221;h3&#8243; text_size=&#8221;h4&#8243; text_height=&#8221;fontheight-524109&#8243; text_weight=&#8221;300&#8243; text_color=&#8221;color-rgdb&#8221;]<strong style=\"font-weight: 600; color: #006cff;\">T\u1eeb n\u0103m 2003<\/strong>, t\u1eadp h\u1ee3p tr\u00ed tu\u1ec7 con ng\u01b0\u1eddi (Human Intelligence) v\u00e0 ph\u01b0\u01a1ng ph\u00e1p ti\u1ebfp c\u1eadn l\u1ea5y kh\u00e1ch h\u00e0ng l\u00e0m trung t\u00e2m c\u1ee7a ch\u00fang t\u00f4i \u0111\u00e3 \u0111\u01b0a ra nh\u1eefng ph\u00e2n t\u00edch v\u00e0 l\u1eddi khuy\u00ean v\u01b0\u1ee3t tr\u1ed9i gi\u00fap b\u1ea3o v\u1ec7 th\u00f4ng tin v\u00e0 ho\u1ea1t \u0111\u1ed9ng kinh doanh c\u1ee7a kh\u00e1ch h\u00e0ng m\u1ed9t c\u00e1ch ch\u1eafc ch\u1eafn. \u0110\u01b0\u1ee3c th\u00e0nh l\u1eadp b\u1edfi \u0111\u1ed9i ng\u0169 chuy\u00ean gia t\u01b0 v\u1ea5n b\u1ea3o m\u1eadt th\u00f4ng tin, MXC \u0111\u00e3 gi\u00fap kh\u00e1ch h\u00e0ng qu\u1ea3n l\u00fd hi\u1ec7u qu\u1ea3 h\u01a1n c\u00e1c r\u1ee7i ro kinh doanh v\u00e0 kh\u00f4ng gian m\u1ea1ng c\u1ee7a h\u1ecd.[\/vc_custom_heading][vc_custom_heading heading_semantic=&#8221;h3&#8243; text_size=&#8221;h4&#8243; text_height=&#8221;fontheight-524109&#8243; text_weight=&#8221;300&#8243; text_color=&#8221;color-rgdb&#8221;]<span style=\"font-weight: 400;\">MXC lu\u00f4n c\u1eadp nh\u1eadt ki\u1ebfn th\u1ee9c m\u1edbi \u0111\u1ec3 gi\u00fap kh\u00e1ch h\u00e0ng c\u1ee7a ch\u00fang t\u00f4i lu\u00f4n d\u1eabn \u0111\u1ea7u, \u0111\u1ed1i m\u1eb7t v\u1edbi c\u00e1c k\u1ef9 thu\u1eadt t\u1ea5n c\u00f4ng ng\u00e0y c\u00e0ng tinh vi v\u00e0 v\u00f4 s\u1ed1 l\u1ed7 h\u1ed5ng b\u1ea3o m\u1eadt m\u1edbi \u0111\u01b0\u1ee3c t\u1ea1o ra b\u1edfi qu\u00e1 tr\u00ecnh chuy\u1ec3n \u0111\u1ed5i k\u1ef9 thu\u1eadt s\u1ed1 kh\u00f4ng ng\u1eebng v\u00e0 t\u0103ng t\u1ed1c c\u1ee7a ho\u1ea1t \u0111\u1ed9ng kinh doanh. MXC \u0111\u01b0\u1ee3c kh\u00e1ch h\u00e0ng xem l\u00e0 nh\u00e0 ti\u00ean phong trong vi\u1ec7c t\u1eadn d\u1ee5ng tr\u00ed tu\u1ec7 con ng\u01b0\u1eddi (Human Intelligence) v\u00e0 li\u00ean t\u1ee5c t\u00ecm ki\u1ebfm ch\u00fang t\u00f4i \u0111\u1ec3 gi\u00fap h\u1ecd ch\u1ed1ng l\u1ea1i nh\u1eefng k\u1ebb t\u1ea5n c\u00f4ng m\u1ea1ng. Nh\u01b0 k\u1ef3 v\u1ecdng c\u1ee7a kh\u00e1ch h\u00e0ng, ch\u00fang t\u00f4i lu\u00f4n c\u1ed1 g\u1eafng ph\u1ee5c v\u1ee5 b\u1eb1ng s\u1ef1 chuy\u00ean nghi\u1ec7p, ni\u1ec1m \u0111am m\u00ea, tinh th\u1ea7n h\u1ee3p t\u00e1c v\u00e0 c\u00e1ch ti\u1ebfp c\u1eadn m\u1edbi l\u1ea1 \u0111\u1ed1i v\u1edbi c\u00e1c m\u1ee5c ti\u00eau v\u00e0 th\u00e1ch th\u1ee9c c\u1ee7a h\u1ecd v\u1ec1 an ninh m\u1ea1ng.<\/span>[\/vc_custom_heading][\/vc_column][\/vc_row]<\/p>\n","protected":false},"excerpt":{"rendered":"<p>[vc_row unlock_row_content=&#8221;yes&#8221; row_height_percent=&#8221;0&#8243; override_padding=&#8221;yes&#8221; h_padding=&#8221;2&#8243; top_padding=&#8221;0&#8243; bottom_padding=&#8221;4&#8243; back_color=&#8221;color-gyho&#8221; overlay_alpha=&#8221;50&#8243; gutter_size=&#8221;3&#8243; column_width_percent=&#8221;100&#8243; shift_y=&#8221;0&#8243; z_index=&#8221;1&#8243; top_divider=&#8221;triangle&#8221; row_name=&#8221;Informations&#8221;][vc_column column_width_use_pixel=&#8221;yes&#8221; position_vertical=&#8221;middle&#8221; align_horizontal=&#8221;align_center&#8221; override_padding=&#8221;yes&#8221; column_padding=&#8221;4&#8243; [&hellip;]<\/p>\n","protected":false},"author":1,"featured_media":0,"parent":0,"menu_order":0,"comment_status":"closed","ping_status":"closed","template":"","meta":[],"_links":{"self":[{"href":"https:\/\/maximusholding.com\/vi\/wp-json\/wp\/v2\/pages\/86893"}],"collection":[{"href":"https:\/\/maximusholding.com\/vi\/wp-json\/wp\/v2\/pages"}],"about":[{"href":"https:\/\/maximusholding.com\/vi\/wp-json\/wp\/v2\/types\/page"}],"author":[{"embeddable":true,"href":"https:\/\/maximusholding.com\/vi\/wp-json\/wp\/v2\/users\/1"}],"replies":[{"embeddable":true,"href":"https:\/\/maximusholding.com\/vi\/wp-json\/wp\/v2\/comments?post=86893"}],"version-history":[{"count":6,"href":"https:\/\/maximusholding.com\/vi\/wp-json\/wp\/v2\/pages\/86893\/revisions"}],"predecessor-version":[{"id":87252,"href":"https:\/\/maximusholding.com\/vi\/wp-json\/wp\/v2\/pages\/86893\/revisions\/87252"}],"wp:attachment":[{"href":"https:\/\/maximusholding.com\/vi\/wp-json\/wp\/v2\/media?parent=86893"}],"curies":[{"name":"wp","href":"https:\/\/api.w.org\/{rel}","templated":true}]}}